{"id":441,"date":"2012-11-24T08:02:56","date_gmt":"2012-11-24T08:02:56","guid":{"rendered":"https:\/\/planete-decouverte.fr\/blog\/?page_id=441"},"modified":"2012-11-26T14:57:04","modified_gmt":"2012-11-26T14:57:04","slug":"asie","status":"publish","type":"page","link":"https:\/\/planete-decouverte.fr\/blog\/asie\/","title":{"rendered":"Afrique"},"content":{"rendered":"<h1>Descente de la rivi\u00e8re Tsiribihina en pirogue (Madagascar)<\/h1>\n<p>Depuis notre atterrissage \u00e0 Antananarivo, l\u2019ancienne Tananarive que tout le monde ici appelle\u00a0<strong>Tana<\/strong>, nous avons parcouru les hauts plateaux en suivant la Nationale 7, travers\u00e9 Antsirabe qu\u2019on appelle la \u00abVichy malgache\u00bb, pour arriver \u00e0 Miandrivazo, prononcer Miandrivaze, une bourgade tropicale du bout du monde dont le nom signifie\u00a0: \u00abJ\u2019attends une femme\u00bb! \u00a0Nous sommes en pays Sakalava, \u00ab\u00a0Les gens de la longue plaine\u00a0\u00bb, le royaume sakalava s\u2019\u00e9tend sur tout le long de la c\u00f4te occidentale du pays.<\/p>\n<div class=\"mceTemp\">\n<dl id=\"attachment_184\" class=\"wp-caption alignleft\" style=\"width: 310px;\">\n<dt><a rel=\"attachment wp-att-184\" href=\"https:\/\/planete-decouverte.fr\/blog\/wp-content\/uploads\/2012\/08\/img7184.jpg\"><img loading=\"lazy\" decoding=\"async\" title=\"Pirogues au matin sur la rivi\u00e8re Tsiribihina sur un circuit \u00e0 mMdagascar\" src=\"https:\/\/planete-decouverte.fr\/blog\/wp-content\/uploads\/2012\/08\/img7184-300x169.jpg\" alt=\"\" width=\"300\" height=\"169\" \/><\/a><\/dt>\n<dd>Pirogues au matin sur la rivi\u00e8re Tsiribihina<\/dd>\n<\/dl>\n<\/div>\n<p><strong>Miandrivazo<\/strong> c\u2019est aussi pour nous le point de d\u00e9part de notre aventure\u00a0: la descente en pirogue de la rivi\u00e8re Tsiribihina! Nous passons la nuit dans une auberge nomm\u00e9e \u00able gite de la Tsiribihina\u00bb tenue par un m\u00e9decin fran\u00e7ais qui part r\u00e9guli\u00e8rement en brousse soigner les populations locales.<\/p>\n<div class=\"mceTemp\">\n<dl id=\"attachment_187\" class=\"wp-caption alignright\" style=\"width: 310px;\">\n<dt><a rel=\"attachment wp-att-187\" href=\"https:\/\/planete-decouverte.fr\/blog\/wp-content\/uploads\/2012\/08\/img7192.jpg\"><img loading=\"lazy\" decoding=\"async\" title=\"Derniers pr\u00e9paratifs avant l'embarquement\" src=\"https:\/\/planete-decouverte.fr\/blog\/wp-content\/uploads\/2012\/08\/img7192-300x203.jpg\" alt=\"\" width=\"300\" height=\"203\" \/><\/a><\/dt>\n<dd>Derniers pr\u00e9parartifs<\/dd>\n<\/dl>\n<\/div>\n<p>Apr\u00e8s une soir\u00e9e dans un bar local extr\u00eamement typique qui sert du rhum qui doit faire plus de 70\u00b0, sur des airs joyeux de<strong> <\/strong>musique tsapiky; on doit se r\u00e9veiller t\u00f4t le matin pour commencer notre aventure. Mais, avant le d\u00e9part, il faut avec le chef des piroguiers aller s\u2019enregistrer \u00e0 la mairie, \u00e0 la police et dans d\u2019autres endroits plus \u00e9tranges! Ces proc\u00e9dures administratives peuvent prendre un certain temps! Il faut ici remplir des formulaires avec beaucoup de cachets, y mettre \u00e9norm\u00e9ment de tampons et y imposer des signatures de plusieurs personnes qu\u2019il faut trouver \u00e0 travers le village. Apr\u00e8s une heure ou deux de jeux de piste et de remplissage de paperasse un peu surr\u00e9aliste, on embarque sur les pirogues, 3 ou 4 personnes par pirogue en comptant le piroguier.<\/p>\n<p>Notre \u00abflotte\u00bb se compose de 5 pirogues o\u00f9 sont repartis, nous ,les piroguiers \u00abexplorateurs\u00bb d\u2019occasion et les piroguiers de profession, les sacs de voyage et les tentes; plus la pirogue de la cuisini\u00e8re o\u00f9 est embarqu\u00e9 son stock complet de nourriture pour trois jours, avec des poules et des canards. Il faut dire que notre descente de la rivi\u00e8re va durer 3 jours et 3 nuits et que pendant toute la descente il n\u2019y a ni restaurants, ni \u00e9picerie, ni t\u00e9l\u00e9phone pour se faire livrer, juste quelques rares petits villages o\u00f9 les gens vous regardent passer l\u2019air parfois surpris, souvent amus\u00e9!<\/p>\n<div class=\"mceTemp\">\n<dl id=\"attachment_189\" class=\"wp-caption alignleft\" style=\"width: 310px;\">\n<dt><a rel=\"attachment wp-att-189\" href=\"https:\/\/planete-decouverte.fr\/blog\/wp-content\/uploads\/2012\/08\/img7042.jpg\"><img loading=\"lazy\" decoding=\"async\" title=\"Piroguier impassible\" src=\"https:\/\/planete-decouverte.fr\/blog\/wp-content\/uploads\/2012\/08\/img7042-300x204.jpg\" alt=\"\" width=\"300\" height=\"204\" \/><\/a><\/dt>\n<dd>Piroguier impassible<\/dd>\n<\/dl>\n<\/div>\n<p>Embarquement!<\/p>\n<p>Les journ\u00e9es sur la\u00a0<strong>rivi\u00e8re Tsiribihina<\/strong> se passent ainsi\u00a0: r\u00e9veil vers 6h30, petit d\u00e9jeuner (caf\u00e9 ou th\u00e9, toasts, fruits, biscuits \u2026) au bord de l\u2019eau, d\u00e9montage des tentes et embarquement sur nos pirogues respectives, on rame, on rame et on rame, puis on arr\u00eate de ramer laissant aux piroguiers professionnels le soin de remplir cette t\u00e2che (il faut dire que l\u2019on fait tous l\u2019exp\u00e9rience que la diff\u00e9rence entre le moment o\u00f9 l\u2019on rame et le moment o\u00f9 seulement le piroguier rame \u00e7a ne change pas grand-chose, la pirogue va aussi vite, ce qui est dur pour le moral!<\/p>\n<p>Vers 12h30 arr\u00eat pique-nique sur les bords de la rivi\u00e8re, re-pirogue, observations, lectures, siestes, on rame aussi pour faire du sport et bonne figure, \u00e9ventuelles batailles navales entre les diff\u00e9rentes embarcations en \u00e9vitant d\u2019arroser la pirogue-amiral (s\u2019il vous plait), sous l\u2019\u0153il un peu d\u00e9sabus\u00e9 des piroguiers malgaches qui en ont vu d\u2019autre! 17\u00a0h, on d\u00e9barque sur une des plages du fleuve, montage des tentes, baignades dans le fleuve, balades et farniente en attendant l\u2019ap\u00e9ro (\u00e0 base de rhum arrang\u00e9 ou pas, qui ne manque jamais sur les pirogues!). On admire les couchers de soleil et c\u2019est l\u2019heure du diner (toujours succulent) pr\u00e9par\u00e9 par notre cuisini\u00e8re.\u00a0 Veill\u00e9e autour d\u2019un feu en musique (les piroguiers sont aussi musiciens) sous le grandiose ciel \u00e9toil\u00e9, nuit sous les tentes. \u00a0Le lendemain on remonte sur les pirogues. A ce moment, je ne peux m\u2019emp\u00eacher de jeter un coup d\u2019\u0153il aux canards qui ont l\u2019air de s\u2019inqui\u00e9ter de la disparition de leurs cons\u0153urs gallinac\u00e9es !<\/p>\n<div class=\"mceTemp\">\n<dl id=\"attachment_190\" class=\"wp-caption alignright\" style=\"width: 310px;\">\n<dt><a rel=\"attachment wp-att-190\" href=\"https:\/\/planete-decouverte.fr\/blog\/wp-content\/uploads\/2012\/08\/img7012.jpg\"><img loading=\"lazy\" decoding=\"async\" title=\"Cuisini\u00e8re au repos\" src=\"https:\/\/planete-decouverte.fr\/blog\/wp-content\/uploads\/2012\/08\/img7012-300x205.jpg\" alt=\"\" width=\"300\" height=\"205\" \/><\/a><\/dt>\n<dd>Cuisini\u00e8re au repos<\/dd>\n<\/dl>\n<\/div>\n<p>Cela peut sembler un peu monotone, mais les paysages pendant ces 3 jours sont tr\u00e8s changeants et superbes, d\u2019abord des plaines domin\u00e9es par la chaine montagneuse du Bongolava, puis des for\u00eats primaires tropophiles (\u00ab<em>l&rsquo;un des quatorze grands biomes<\/em><em>terrestres, on y retrouve les for\u00eats tropicales et subtropicales s\u00e8ches o\u00f9 la v\u00e9g\u00e9tation de type caduc est omnipr\u00e9sente lors de la saison s\u00e8che\u2026\u00bb!!! <\/em>selon le dictionnaire, mais selon moi c\u2019est une sorte de for\u00eat tropicale qui n\u2019a pas subi les transformations humaines)<em>,<\/em> ensuite des falaises abruptes et des gorges encaiss\u00e9es, qui se succ\u00e8dent sous nos yeux de rameurs amateurs \u00e9bahis. On observe \u00e9galement de nombreux oiseaux aquatiques ou non (martin p\u00e9cheurs, coucal, coucou malgache, aigrettes, milan noir, aigle, h\u00e9ron, canard \u00e0 bosse \u2026), des chauves-souris suspendues la t\u00eate en bas dans les arbres, des cam\u00e9l\u00e9ons que l\u2019on aper\u00e7oit sur les roseaux malgr\u00e9 leur camouflage naturel, des l\u00e9muriens qui sautent d\u2019arbre en arbre de diff\u00e9rentes esp\u00e8ces (propith\u00e8que de verreaux, l\u00e9mur fulvus..) et, vers la fin du parcours, il peut y avoir (personnellement je n\u2019en ai jamais vu ici) des crocodiles!<\/p>\n<div class=\"mceTemp\">\n<dl id=\"attachment_191\" class=\"wp-caption alignright\" style=\"width: 310px;\">\n<dt><a rel=\"attachment wp-att-191\" href=\"https:\/\/planete-decouverte.fr\/blog\/wp-content\/uploads\/2012\/08\/shutterstock_637240392.jpg\"><img loading=\"lazy\" decoding=\"async\" title=\"L\u00e9murien, prophith\u00e8que de verraux\" src=\"https:\/\/planete-decouverte.fr\/blog\/wp-content\/uploads\/2012\/08\/shutterstock_637240392-300x203.jpg\" alt=\"\" width=\"300\" height=\"203\" \/><\/a><\/dt>\n<dd>Rencontre sur les bords de le rivi\u00e8re<\/dd>\n<\/dl>\n<\/div>\n<p>Et comme surprise, le deuxi\u00e8me jour au cours d\u2019un arr\u00eat\u00a0: on effectue une balade dans la for\u00eat \u00abtropophile\u00bb\u00a0 qui aboutit apr\u00e8s \u00be d\u2019heure de marche \u00e0 une cascade de type paradisiaque, avec un petit lac o\u00f9 l\u2019on peut nager apr\u00e8s avoir pris une douche naturelle sous la cascade ! C\u2019est l\u00e0 aussi que l\u2019on refait les r\u00e9serves d\u2019eau potable.<\/p>\n<div class=\"mceTemp\">\n<dl id=\"attachment_192\" class=\"wp-caption alignleft\" style=\"width: 194px;\">\n<dt><a rel=\"attachment wp-att-192\" href=\"https:\/\/planete-decouverte.fr\/blog\/wp-content\/uploads\/2012\/08\/img7162.jpg\"><img loading=\"lazy\" decoding=\"async\" title=\"Cascade &amp; baignade\" src=\"https:\/\/planete-decouverte.fr\/blog\/wp-content\/uploads\/2012\/08\/img7162-184x300.jpg\" alt=\"\" width=\"184\" height=\"300\" \/><\/a><\/dt>\n<dd>Cascade &amp; baignade<\/dd>\n<\/dl>\n<\/div>\n<p>Cette descente de la rivi\u00e8re Tsiribihina qui s\u2019\u00e9tale sur 150km (50 km par jour de \u00abpagayage\u00bb dans le sens du courant, d\u00e9tail important!) est en fait trois jours d\u2019\u00e9merveillement loin de tout en totale autonomie, loin de notre soci\u00e9t\u00e9 de consommation (juste un t\u00e9l\u00e9phone satellite en cas d\u2019urgence).<\/p>\n<p>On finit par arriver (car tout \u00e0 une fin) \u00e0 un banc de sable blanc et au d\u00e9barcad\u00e8re de Tsaraoutane. Ce petit village de l\u2019ethnie Vezo (dont le nom qui signifie ramer!) poss\u00e8de une \u00e9picerie de type brousse, nous semble \u00eatre une grande surface et le retour au monde du consum\u00e9risme!<\/p>\n<p>Le lendemain matin nous quittons les piroguiers que nous saluons avec \u00e9motion. Le travail pour eux n\u2019est pas fini, car ils doivent remonter la rivi\u00e8re contre le courant cette fois-ci, mais sans passagers jusqu\u2019au point de d\u00e9part, Miandrivazo. Outre leur paye, bien s\u00fbr, il est coutume de leur offrir deux bouteilles de rhum \u00e0 chacun, pour sceller l\u2019amiti\u00e9.<\/p>\n<p>Apr\u00e8s les pirogues, nous faisons une balade en charrette \u00e0 z\u00e9bus, pour rejoindre le village d\u2019Antsiraraka, l\u2019endroit o\u00f9 il est convenu d\u2019un rendez-vous avec des 4X4. J\u2019ai toujours une certaine inqui\u00e9tude \u00e0 ce moment-l\u00e0, car s\u2019ils ne venaient pas au rendez-vous fix\u00e9 quelques jours plus t\u00f4t, que ferions-nous, ici au milieu de nulle part (enfin pour nous)! C\u2019est tr\u00e8s beau, cet endroit parsem\u00e9 de grands baobabs majestueux, mais bon! Mais ils arrivent et l\u2019on embarque cette fois-ci dans ces v\u00e9hicules motrices des 4 roues pour la suite de notre aventure malgache\u2026<\/p>\n<p>PB<\/p>\n<p>&nbsp;<\/p>\n<p>&nbsp;<\/p>\n<p>&nbsp;<\/p>\n","protected":false},"excerpt":{"rendered":"<p>Descente de la rivi\u00e8re Tsiribihina en pirogue (Madagascar) Depuis notre atterrissage \u00e0 Antananarivo, l\u2019ancienne Tananarive que tout le monde ici appelle\u00a0Tana, nous avons parcouru les hauts plateaux en suivant la Nationale 7, travers\u00e9 Antsirabe qu\u2019on appelle la \u00abVichy malgache\u00bb, pour arriver \u00e0 Miandrivazo, prononcer Miandrivaze, une bourgade tropicale du bout du monde dont le nom [&hellip;]<\/p>\n","protected":false},"author":2,"featured_media":0,"parent":0,"menu_order":0,"comment_status":"open","ping_status":"open","template":"","meta":{"footnotes":""},"class_list":["post-441","page","type-page","status-publish","hentry"],"_links":{"self":[{"href":"https:\/\/planete-decouverte.fr\/blog\/wp-json\/wp\/v2\/pages\/441","targetHints":{"allow":["GET"]}}],"collection":[{"href":"https:\/\/planete-decouverte.fr\/blog\/wp-json\/wp\/v2\/pages"}],"about":[{"href":"https:\/\/planete-decouverte.fr\/blog\/wp-json\/wp\/v2\/types\/page"}],"author":[{"embeddable":true,"href":"https:\/\/planete-decouverte.fr\/blog\/wp-json\/wp\/v2\/users\/2"}],"replies":[{"embeddable":true,"href":"https:\/\/planete-decouverte.fr\/blog\/wp-json\/wp\/v2\/comments?post=441"}],"version-history":[{"count":0,"href":"https:\/\/planete-decouverte.fr\/blog\/wp-json\/wp\/v2\/pages\/441\/revisions"}],"wp:attachment":[{"href":"https:\/\/planete-decouverte.fr\/blog\/wp-json\/wp\/v2\/media?parent=441"}],"curies":[{"name":"wp","href":"https:\/\/api.w.org\/{rel}","templated":true}]}}